{"id":473,"date":"2025-05-04T17:49:20","date_gmt":"2025-05-04T17:49:20","guid":{"rendered":"https:\/\/proquicol.com\/?page_id=473"},"modified":"2025-05-04T20:10:31","modified_gmt":"2025-05-04T20:10:31","slug":"contacto","status":"publish","type":"page","link":"https:\/\/proquicol.com\/index.php\/contacto\/","title":{"rendered":"Contacto"},"content":{"rendered":"<p>[et_pb_section fb_built=\u00bb1&#8243; _builder_version=\u00bb4.27.4&#8243; _module_preset=\u00bbdefault\u00bb global_colors_info=\u00bb{}\u00bb][et_pb_row _builder_version=\u00bb4.27.4&#8243; _module_preset=\u00bbdefault\u00bb global_colors_info=\u00bb{}\u00bb][et_pb_column type=\u00bb4_4&#8243; _builder_version=\u00bb4.27.4&#8243; _module_preset=\u00bbdefault\u00bb global_colors_info=\u00bb{}\u00bb][et_pb_text _builder_version=\u00bb4.27.4&#8243; _module_preset=\u00bbdefault\u00bb global_colors_info=\u00bb{}\u00bb]<\/p>\n<h1 style=\"text-align: center;\"><strong>Contacto<\/strong><\/h1>\n<p>[\/et_pb_text][et_pb_text _builder_version=\u00bb4.27.4&#8243; _module_preset=\u00bbdefault\u00bb text_font_size=\u00bb18px\u00bb global_colors_info=\u00bb{}\u00bb]<\/p>\n<p data-start=\"231\" data-end=\"433\" class=\"\">En <strong data-start=\"234\" data-end=\"247\">Proquicol<\/strong> estamos listos para ayudarte. Ya sea que est\u00e9s buscando nuestras deliciosas <strong data-start=\"324\" data-end=\"334\">salsas<\/strong>, <strong data-start=\"345\" data-end=\"361\">saborizantes<\/strong> o <strong data-start=\"375\" data-end=\"387\">aderezos<\/strong>, queremos ser tu aliado en sabor y calidad.<\/p>\n<p data-start=\"435\" data-end=\"525\" class=\"\">\u00a1Ser\u00e1 un gusto atenderte!<\/p>\n<p data-start=\"435\" data-end=\"525\" class=\"\"><strong>Cel. 3103830376<\/strong><\/p>\n<p data-start=\"435\" data-end=\"525\" class=\"\"><strong>Cel. 3014656185<\/strong><\/p>\n<p data-start=\"435\" data-end=\"525\" class=\"\"><strong><a href=\"mailto:ventas@proquicol.net\">ventas@proquicol.net<\/a><\/strong><\/p>\n<p data-start=\"628\" data-end=\"742\" class=\"\" style=\"text-align: center;\">Tambi\u00e9n puedes escribirnos a trav\u00e9s de nuestras redes sociales.<\/p>\n<p data-start=\"628\" data-end=\"742\" class=\"\" style=\"text-align: center;\"><strong data-start=\"694\" data-end=\"742\">\u00a1Hablemos y llevemos m\u00e1s sabor a tu negocio y hogar!<\/strong><\/p>\n<p>[\/et_pb_text][\/et_pb_column][\/et_pb_row][et_pb_row _builder_version=\u00bb4.27.4&#8243; _module_preset=\u00bbdefault\u00bb global_colors_info=\u00bb{}\u00bb][et_pb_column type=\u00bb4_4&#8243; _builder_version=\u00bb4.27.4&#8243; _module_preset=\u00bbdefault\u00bb global_colors_info=\u00bb{}\u00bb][et_pb_image src=\u00bbhttps:\/\/proquicol.com\/wp-content\/uploads\/2025\/05\/Pedidos.jpg\u00bb title_text=\u00bbPedidos\u00bb url=\u00bbhttps:\/\/api.whatsapp.com\/send?phone=573103830376&#038;text=Hola%20Proquicol,%20estoy%20interesad@%20en%20&#8243; url_new_window=\u00bbon\u00bb align=\u00bbcenter\u00bb _builder_version=\u00bb4.27.4&#8243; _module_preset=\u00bbdefault\u00bb global_colors_info=\u00bb{}\u00bb][\/et_pb_image][\/et_pb_column][\/et_pb_row][et_pb_row _builder_version=\u00bb4.27.4&#8243; _module_preset=\u00bbdefault\u00bb global_colors_info=\u00bb{}\u00bb][et_pb_column type=\u00bb4_4&#8243; _builder_version=\u00bb4.27.4&#8243; _module_preset=\u00bbdefault\u00bb global_colors_info=\u00bb{}\u00bb][et_pb_social_media_follow _builder_version=\u00bb4.27.4&#8243; text_orientation=\u00bbcenter\u00bb custom_margin=\u00bb|||\u00bb custom_padding=\u00bb|||\u00bb mix_blend_mode=\u00bbmultiply\u00bb global_colors_info=\u00bb{}\u00bb theme_builder_area=\u00bbpost_content\u00bb][et_pb_social_media_follow_network social_network=\u00bbfacebook\u00bb url=\u00bbhttps:\/\/www.facebook.com\/proquicol\u00bb _builder_version=\u00bb4.27.4&#8243; background_color=\u00bb#0C71C3&#8243; background_enable_color=\u00bbon\u00bb custom_margin=\u00bb|2%||2%\u00bb custom_padding=\u00bb12px|12px|12px|12px\u00bb border_radii=\u00bbon|100px|100px|100px|100px\u00bb global_colors_info=\u00bb{}\u00bb theme_builder_area=\u00bbpost_content\u00bb follow_button=\u00bboff\u00bb url_new_window=\u00bbon\u00bb]facebook[\/et_pb_social_media_follow_network][et_pb_social_media_follow_network social_network=\u00bbinstagram\u00bb url=\u00bbhttps:\/\/www.instagram.com\/bunisaborctg\/\u00bb _builder_version=\u00bb4.27.4&#8243; background_color=\u00bb#d80073&#8243; background_enable_color=\u00bbon\u00bb custom_margin=\u00bb|2%||2%\u00bb custom_padding=\u00bb12px|12px|12px|12px\u00bb border_radii=\u00bbon|100px|100px|100px|100px\u00bb global_colors_info=\u00bb{}\u00bb theme_builder_area=\u00bbpost_content\u00bb follow_button=\u00bboff\u00bb url_new_window=\u00bbon\u00bb]instagram[\/et_pb_social_media_follow_network][\/et_pb_social_media_follow][\/et_pb_column][\/et_pb_row][et_pb_row _builder_version=\u00bb4.27.4&#8243; _module_preset=\u00bbdefault\u00bb global_colors_info=\u00bb{}\u00bb][et_pb_column type=\u00bb4_4&#8243; _builder_version=\u00bb4.27.4&#8243; _module_preset=\u00bbdefault\u00bb global_colors_info=\u00bb{}\u00bb][et_pb_code _builder_version=\u00bb4.27.4&#8243; _module_preset=\u00bbdefault\u00bb global_colors_info=\u00bb{}\u00bb]<center><iframe src=\"https:\/\/www.google.com\/maps\/embed?pb=!1m18!1m12!1m3!1d3924.4656139105928!2d-75.47151922548723!3d10.384544566300848!2m3!1f0!2f0!3f0!3m2!1i1024!2i768!4f13.1!3m3!1m2!1s0x8ef625f396984ec3%3A0x5ca568449e247c5f!2sPROQUICOL!5e0!3m2!1ses!2sco!4v1746373640804!5m2!1ses!2sco\" width=\"900\" height=\"450\" style=\"border:0;\" allowfullscreen=\"\" loading=\"lazy\" referrerpolicy=\"no-referrer-when-downgrade\"><\/iframe><\/center>[\/et_pb_code][\/et_pb_column][\/et_pb_row][\/et_pb_section]<\/p>\n","protected":false},"excerpt":{"rendered":"<p>ContactoEn Proquicol estamos listos para ayudarte. Ya sea que est\u00e9s buscando nuestras deliciosas salsas, saborizantes o aderezos, queremos ser tu aliado en sabor y calidad. \u00a1Ser\u00e1 un gusto atenderte! Cel. 3103830376 Cel. 3014656185 ventas@proquicol.net Tambi\u00e9n puedes escribirnos a trav\u00e9s de nuestras redes sociales. \u00a1Hablemos y llevemos m\u00e1s sabor a tu negocio y hogar!<\/p>\n","protected":false},"author":1,"featured_media":0,"parent":0,"menu_order":0,"comment_status":"closed","ping_status":"closed","template":"","meta":{"_et_pb_use_builder":"on","_et_pb_old_content":"","_et_gb_content_width":"","_joinchat":[],"footnotes":""},"class_list":["post-473","page","type-page","status-publish","hentry"],"_links":{"self":[{"href":"https:\/\/proquicol.com\/index.php\/wp-json\/wp\/v2\/pages\/473","targetHints":{"allow":["GET"]}}],"collection":[{"href":"https:\/\/proquicol.com\/index.php\/wp-json\/wp\/v2\/pages"}],"about":[{"href":"https:\/\/proquicol.com\/index.php\/wp-json\/wp\/v2\/types\/page"}],"author":[{"embeddable":true,"href":"https:\/\/proquicol.com\/index.php\/wp-json\/wp\/v2\/users\/1"}],"replies":[{"embeddable":true,"href":"https:\/\/proquicol.com\/index.php\/wp-json\/wp\/v2\/comments?post=473"}],"version-history":[{"count":4,"href":"https:\/\/proquicol.com\/index.php\/wp-json\/wp\/v2\/pages\/473\/revisions"}],"predecessor-version":[{"id":515,"href":"https:\/\/proquicol.com\/index.php\/wp-json\/wp\/v2\/pages\/473\/revisions\/515"}],"wp:attachment":[{"href":"https:\/\/proquicol.com\/index.php\/wp-json\/wp\/v2\/media?parent=473"}],"curies":[{"name":"wp","href":"https:\/\/api.w.org\/{rel}","templated":true}]}}