{"id":188,"date":"2025-04-12T14:20:34","date_gmt":"2025-04-12T14:20:34","guid":{"rendered":"https:\/\/proquicol.com\/?post_type=product&#038;p=188"},"modified":"2025-06-23T02:06:06","modified_gmt":"2025-06-23T02:06:06","slug":"arequipe","status":"publish","type":"product","link":"https:\/\/proquicol.com\/index.php\/producto\/arequipe\/","title":{"rendered":"Escencia de Arequipe"},"content":{"rendered":"","protected":false},"excerpt":{"rendered":"<p>El <strong>Saborizante de Arequipe de Buni Sabor<\/strong> es el aliado perfecto para buscar ese sabor aut\u00e9ntico en los postres y recetas de abuela y mam\u00e1. Ideal para reposter\u00eda y manjares dulces. Disponible en dos presentaciones.<\/p>\n","protected":false},"featured_media":637,"template":"","meta":{"_et_pb_use_builder":"","_et_pb_old_content":"","_et_gb_content_width":"","_joinchat":[]},"product_brand":[],"product_cat":[18],"product_tag":[],"class_list":{"0":"post-188","1":"product","2":"type-product","3":"status-publish","4":"has-post-thumbnail","6":"product_cat-escencias","8":"first","9":"instock","10":"shipping-taxable","11":"purchasable","12":"product-type-variable"},"_links":{"self":[{"href":"https:\/\/proquicol.com\/index.php\/wp-json\/wp\/v2\/product\/188","targetHints":{"allow":["GET"]}}],"collection":[{"href":"https:\/\/proquicol.com\/index.php\/wp-json\/wp\/v2\/product"}],"about":[{"href":"https:\/\/proquicol.com\/index.php\/wp-json\/wp\/v2\/types\/product"}],"wp:featuredmedia":[{"embeddable":true,"href":"https:\/\/proquicol.com\/index.php\/wp-json\/wp\/v2\/media\/637"}],"wp:attachment":[{"href":"https:\/\/proquicol.com\/index.php\/wp-json\/wp\/v2\/media?parent=188"}],"wp:term":[{"taxonomy":"product_brand","embeddable":true,"href":"https:\/\/proquicol.com\/index.php\/wp-json\/wp\/v2\/product_brand?post=188"},{"taxonomy":"product_cat","embeddable":true,"href":"https:\/\/proquicol.com\/index.php\/wp-json\/wp\/v2\/product_cat?post=188"},{"taxonomy":"product_tag","embeddable":true,"href":"https:\/\/proquicol.com\/index.php\/wp-json\/wp\/v2\/product_tag?post=188"}],"curies":[{"name":"wp","href":"https:\/\/api.w.org\/{rel}","templated":true}]}}