{"id":215,"date":"2025-04-23T20:14:25","date_gmt":"2025-04-23T20:14:25","guid":{"rendered":"https:\/\/proquicol.com\/?post_type=product&#038;p=215"},"modified":"2025-06-22T15:09:46","modified_gmt":"2025-06-22T15:09:46","slug":"salsabbq","status":"publish","type":"product","link":"https:\/\/proquicol.com\/index.php\/producto\/salsabbq\/","title":{"rendered":"Salsa BBQ"},"content":{"rendered":"","protected":false},"excerpt":{"rendered":"<p>\u00a1Eleva tus parrilladas al siguiente nivel con la deliciosa <strong>Salsa BBQ Buni Sabor<\/strong>! Su receta \u00fanica, con el equilibrio perfecto entre dulce, ahumado y especiado, transformar\u00e1 tus carnes, pollo y vegetales en una explosi\u00f3n de sabor aut\u00e9ntico a la parrilla. Ideal para marinar, untar o acompa\u00f1ar, Buni Sabor BBQ es el toque secreto que tus asados necesitan. \u00a1Cons\u00edguela ahora y convi\u00e9rtete en el maestro de la parrilla!<\/p>\n","protected":false},"featured_media":622,"template":"","meta":{"_et_pb_use_builder":"","_et_pb_old_content":"","_et_gb_content_width":"","_joinchat":[]},"product_brand":[],"product_cat":[17],"product_tag":[],"class_list":{"0":"post-215","1":"product","2":"type-product","3":"status-publish","4":"has-post-thumbnail","6":"product_cat-salsas","8":"first","9":"instock","10":"shipping-taxable","11":"purchasable","12":"product-type-variable"},"_links":{"self":[{"href":"https:\/\/proquicol.com\/index.php\/wp-json\/wp\/v2\/product\/215","targetHints":{"allow":["GET"]}}],"collection":[{"href":"https:\/\/proquicol.com\/index.php\/wp-json\/wp\/v2\/product"}],"about":[{"href":"https:\/\/proquicol.com\/index.php\/wp-json\/wp\/v2\/types\/product"}],"wp:featuredmedia":[{"embeddable":true,"href":"https:\/\/proquicol.com\/index.php\/wp-json\/wp\/v2\/media\/622"}],"wp:attachment":[{"href":"https:\/\/proquicol.com\/index.php\/wp-json\/wp\/v2\/media?parent=215"}],"wp:term":[{"taxonomy":"product_brand","embeddable":true,"href":"https:\/\/proquicol.com\/index.php\/wp-json\/wp\/v2\/product_brand?post=215"},{"taxonomy":"product_cat","embeddable":true,"href":"https:\/\/proquicol.com\/index.php\/wp-json\/wp\/v2\/product_cat?post=215"},{"taxonomy":"product_tag","embeddable":true,"href":"https:\/\/proquicol.com\/index.php\/wp-json\/wp\/v2\/product_tag?post=215"}],"curies":[{"name":"wp","href":"https:\/\/api.w.org\/{rel}","templated":true}]}}