{"id":244,"date":"2025-04-23T22:08:11","date_gmt":"2025-04-23T22:08:11","guid":{"rendered":"https:\/\/proquicol.com\/?post_type=product&#038;p=244"},"modified":"2025-07-02T04:12:41","modified_gmt":"2025-07-02T04:12:41","slug":"mantequilla","status":"publish","type":"product","link":"https:\/\/proquicol.com\/index.php\/producto\/mantequilla\/","title":{"rendered":"Escencia de Mantequilla"},"content":{"rendered":"","protected":false},"excerpt":{"rendered":"<p>\u00bfBuscas el sabor irresistible de la mantequilla sin preocuparte por la refrigeraci\u00f3n o que se derrita? El <strong>Saborizante Mantequilla Buni Sabor<\/strong> de Proquicol es la soluci\u00f3n ideal. Estable a temperatura ambiente y f\u00e1cil de usar, es perfecto para negocios de alimentos, cines, eventos y cocinas dom\u00e9sticas. \u00a1Disfruta del sabor a mantequilla cuando y donde quieras!<\/p>\n","protected":false},"featured_media":743,"template":"","meta":{"_et_pb_use_builder":"","_et_pb_old_content":"","_et_gb_content_width":"","_joinchat":[]},"product_brand":[],"product_cat":[18],"product_tag":[],"class_list":{"0":"post-244","1":"product","2":"type-product","3":"status-publish","4":"has-post-thumbnail","6":"product_cat-escencias","8":"first","9":"instock","10":"shipping-taxable","11":"purchasable","12":"product-type-variable"},"_links":{"self":[{"href":"https:\/\/proquicol.com\/index.php\/wp-json\/wp\/v2\/product\/244","targetHints":{"allow":["GET"]}}],"collection":[{"href":"https:\/\/proquicol.com\/index.php\/wp-json\/wp\/v2\/product"}],"about":[{"href":"https:\/\/proquicol.com\/index.php\/wp-json\/wp\/v2\/types\/product"}],"wp:featuredmedia":[{"embeddable":true,"href":"https:\/\/proquicol.com\/index.php\/wp-json\/wp\/v2\/media\/743"}],"wp:attachment":[{"href":"https:\/\/proquicol.com\/index.php\/wp-json\/wp\/v2\/media?parent=244"}],"wp:term":[{"taxonomy":"product_brand","embeddable":true,"href":"https:\/\/proquicol.com\/index.php\/wp-json\/wp\/v2\/product_brand?post=244"},{"taxonomy":"product_cat","embeddable":true,"href":"https:\/\/proquicol.com\/index.php\/wp-json\/wp\/v2\/product_cat?post=244"},{"taxonomy":"product_tag","embeddable":true,"href":"https:\/\/proquicol.com\/index.php\/wp-json\/wp\/v2\/product_tag?post=244"}],"curies":[{"name":"wp","href":"https:\/\/api.w.org\/{rel}","templated":true}]}}