{"id":311,"date":"2025-04-25T21:00:22","date_gmt":"2025-04-25T21:00:22","guid":{"rendered":"https:\/\/proquicol.com\/?post_type=product&#038;p=311"},"modified":"2025-07-02T04:05:53","modified_gmt":"2025-07-02T04:05:53","slug":"limon","status":"publish","type":"product","link":"https:\/\/proquicol.com\/index.php\/producto\/limon\/","title":{"rendered":"Escencia de Lim\u00f3n"},"content":{"rendered":"","protected":false},"excerpt":{"rendered":"<p class=\"\" data-start=\"136\" data-end=\"487\"><strong data-start=\"136\" data-end=\"199\">\u00a1Refresca tus creaciones con el aut\u00e9ntico sabor a lim\u00f3n!\u00a0 <\/strong>Con <strong data-start=\"206\" data-end=\"226\">Buni Sabor Lim\u00f3n<\/strong> aporta a tus bebidas, postres y recetas el inconfundible toque c\u00edtrico que enamora. Disponible en distintos tama\u00f1os para adaptarse a todas tus necesidades, nuestro saborizante de lim\u00f3n destaca por su intensidad, calidad y frescura.<\/p>\n<p class=\"\" data-start=\"489\" data-end=\"650\">\u2728 Ideal para reposter\u00eda, cocteler\u00eda, bebidas refrescantes y mucho m\u00e1s.<br data-start=\"559\" data-end=\"562\" \/>\u2728 F\u00f3rmula concentrada de alta duraci\u00f3n.<br data-start=\"601\" data-end=\"604\" \/>\u2728 \u00a1El aut\u00e9ntico sabor que marca la diferencia!<\/p>\n","protected":false},"featured_media":740,"template":"","meta":{"_et_pb_use_builder":"","_et_pb_old_content":"","_et_gb_content_width":"","_joinchat":[]},"product_brand":[],"product_cat":[18],"product_tag":[],"class_list":{"0":"post-311","1":"product","2":"type-product","3":"status-publish","4":"has-post-thumbnail","6":"product_cat-escencias","8":"first","9":"instock","10":"shipping-taxable","11":"purchasable","12":"product-type-variable"},"_links":{"self":[{"href":"https:\/\/proquicol.com\/index.php\/wp-json\/wp\/v2\/product\/311","targetHints":{"allow":["GET"]}}],"collection":[{"href":"https:\/\/proquicol.com\/index.php\/wp-json\/wp\/v2\/product"}],"about":[{"href":"https:\/\/proquicol.com\/index.php\/wp-json\/wp\/v2\/types\/product"}],"wp:featuredmedia":[{"embeddable":true,"href":"https:\/\/proquicol.com\/index.php\/wp-json\/wp\/v2\/media\/740"}],"wp:attachment":[{"href":"https:\/\/proquicol.com\/index.php\/wp-json\/wp\/v2\/media?parent=311"}],"wp:term":[{"taxonomy":"product_brand","embeddable":true,"href":"https:\/\/proquicol.com\/index.php\/wp-json\/wp\/v2\/product_brand?post=311"},{"taxonomy":"product_cat","embeddable":true,"href":"https:\/\/proquicol.com\/index.php\/wp-json\/wp\/v2\/product_cat?post=311"},{"taxonomy":"product_tag","embeddable":true,"href":"https:\/\/proquicol.com\/index.php\/wp-json\/wp\/v2\/product_tag?post=311"}],"curies":[{"name":"wp","href":"https:\/\/api.w.org\/{rel}","templated":true}]}}