{"id":331,"date":"2025-04-26T16:53:50","date_gmt":"2025-04-26T16:53:50","guid":{"rendered":"https:\/\/proquicol.com\/?post_type=product&#038;p=331"},"modified":"2025-07-02T04:14:57","modified_gmt":"2025-07-02T04:14:57","slug":"pina","status":"publish","type":"product","link":"https:\/\/proquicol.com\/index.php\/producto\/pina\/","title":{"rendered":"Escencia de Pi\u00f1a"},"content":{"rendered":"","protected":false},"excerpt":{"rendered":"<p class=\"\" data-start=\"93\" data-end=\"540\">\ud83c\udf1f <strong data-start=\"96\" data-end=\"160\">\u00a1Dale un toque tropical a tus productos con Buni Sabor Pi\u00f1a!<\/strong> \ud83c\udf1fA\u00f1ade el delicioso y refrescante sabor de la pi\u00f1a a tus bebidas, postres y reposter\u00eda.<br \/>\n\ud83c\udf4d <strong data-start=\"258\" data-end=\"272\">Buni Sabor<\/strong> garantiza calidad, intensidad y un aroma irresistible que encantar\u00e1 a todos.<br data-start=\"356\" data-end=\"359\" \/>\u2705 Ideal para alimentos, reposter\u00eda y m\u00e1s.<br data-start=\"400\" data-end=\"403\" \/>\u2705 Presentaciones pr\u00e1cticas para el negocio y el hogar.<\/p>\n","protected":false},"featured_media":744,"template":"","meta":{"_et_pb_use_builder":"","_et_pb_old_content":"","_et_gb_content_width":"","_joinchat":[]},"product_brand":[],"product_cat":[18],"product_tag":[],"class_list":{"0":"post-331","1":"product","2":"type-product","3":"status-publish","4":"has-post-thumbnail","6":"product_cat-escencias","8":"first","9":"instock","10":"shipping-taxable","11":"purchasable","12":"product-type-variable"},"_links":{"self":[{"href":"https:\/\/proquicol.com\/index.php\/wp-json\/wp\/v2\/product\/331","targetHints":{"allow":["GET"]}}],"collection":[{"href":"https:\/\/proquicol.com\/index.php\/wp-json\/wp\/v2\/product"}],"about":[{"href":"https:\/\/proquicol.com\/index.php\/wp-json\/wp\/v2\/types\/product"}],"wp:featuredmedia":[{"embeddable":true,"href":"https:\/\/proquicol.com\/index.php\/wp-json\/wp\/v2\/media\/744"}],"wp:attachment":[{"href":"https:\/\/proquicol.com\/index.php\/wp-json\/wp\/v2\/media?parent=331"}],"wp:term":[{"taxonomy":"product_brand","embeddable":true,"href":"https:\/\/proquicol.com\/index.php\/wp-json\/wp\/v2\/product_brand?post=331"},{"taxonomy":"product_cat","embeddable":true,"href":"https:\/\/proquicol.com\/index.php\/wp-json\/wp\/v2\/product_cat?post=331"},{"taxonomy":"product_tag","embeddable":true,"href":"https:\/\/proquicol.com\/index.php\/wp-json\/wp\/v2\/product_tag?post=331"}],"curies":[{"name":"wp","href":"https:\/\/api.w.org\/{rel}","templated":true}]}}