{"id":348,"date":"2025-04-26T17:17:51","date_gmt":"2025-04-26T17:17:51","guid":{"rendered":"https:\/\/proquicol.com\/?post_type=product&#038;p=348"},"modified":"2025-06-23T02:11:51","modified_gmt":"2025-06-23T02:11:51","slug":"uva","status":"publish","type":"product","link":"https:\/\/proquicol.com\/index.php\/producto\/uva\/","title":{"rendered":"Escencia de Uva"},"content":{"rendered":"","protected":false},"excerpt":{"rendered":"<p class=\"\" data-start=\"71\" data-end=\"448\">\ud83c\udf47 <strong data-start=\"74\" data-end=\"136\">\u00a1El aut\u00e9ntico sabor de la uva en cada gota con Buni Sabor!<\/strong> \ud83c\udf47<br data-start=\"139\" data-end=\"142\" \/>Llena tus bebidas, postres y recetas especiales con la dulzura y frescura inigualable de nuestra <strong data-start=\"239\" data-end=\"261\">escencia de uva<\/strong>.<br data-start=\"262\" data-end=\"265\" \/>\u2728 M\u00e1xima concentraci\u00f3n de sabor.<br data-start=\"297\" data-end=\"300\" \/>\u2728 Ideal para jugos, reposter\u00eda, helader\u00eda y m\u00e1s.<br data-start=\"348\" data-end=\"351\" \/>Con <strong data-start=\"355\" data-end=\"373\">Buni Sabor Uva<\/strong>, cada creaci\u00f3n ser\u00e1 una experiencia deliciosa que todos querr\u00e1n repetir.<\/p>\n","protected":false},"featured_media":669,"template":"","meta":{"_et_pb_use_builder":"","_et_pb_old_content":"","_et_gb_content_width":"","_joinchat":[]},"product_brand":[],"product_cat":[18],"product_tag":[],"class_list":{"0":"post-348","1":"product","2":"type-product","3":"status-publish","4":"has-post-thumbnail","6":"product_cat-escencias","8":"first","9":"instock","10":"shipping-taxable","11":"purchasable","12":"product-type-variable"},"_links":{"self":[{"href":"https:\/\/proquicol.com\/index.php\/wp-json\/wp\/v2\/product\/348","targetHints":{"allow":["GET"]}}],"collection":[{"href":"https:\/\/proquicol.com\/index.php\/wp-json\/wp\/v2\/product"}],"about":[{"href":"https:\/\/proquicol.com\/index.php\/wp-json\/wp\/v2\/types\/product"}],"wp:featuredmedia":[{"embeddable":true,"href":"https:\/\/proquicol.com\/index.php\/wp-json\/wp\/v2\/media\/669"}],"wp:attachment":[{"href":"https:\/\/proquicol.com\/index.php\/wp-json\/wp\/v2\/media?parent=348"}],"wp:term":[{"taxonomy":"product_brand","embeddable":true,"href":"https:\/\/proquicol.com\/index.php\/wp-json\/wp\/v2\/product_brand?post=348"},{"taxonomy":"product_cat","embeddable":true,"href":"https:\/\/proquicol.com\/index.php\/wp-json\/wp\/v2\/product_cat?post=348"},{"taxonomy":"product_tag","embeddable":true,"href":"https:\/\/proquicol.com\/index.php\/wp-json\/wp\/v2\/product_tag?post=348"}],"curies":[{"name":"wp","href":"https:\/\/api.w.org\/{rel}","templated":true}]}}