{"id":690,"date":"2025-06-23T03:11:20","date_gmt":"2025-06-23T03:11:20","guid":{"rendered":"https:\/\/proquicol.com\/?post_type=product&#038;p=690"},"modified":"2025-07-02T03:09:55","modified_gmt":"2025-07-02T03:09:55","slug":"de-mora","status":"publish","type":"product","link":"https:\/\/proquicol.com\/index.php\/producto\/de-mora\/","title":{"rendered":"Escencia de Mora"},"content":{"rendered":"","protected":false},"excerpt":{"rendered":"<p class=\"\" data-start=\"83\" data-end=\"345\"><strong data-start=\"83\" data-end=\"131\">\u00a1El aut\u00e9ntico sabor a mora en cada gota! \ud83c\udf47\u2728<\/strong>Con <strong data-start=\"138\" data-end=\"157\">Buni Sabor Mora<\/strong> aporta a tus productos el frescor, dulzura y la intensidad de las mejores moras. Perfecto para reposter\u00eda, helader\u00eda, bebidas y todo tipo de creaciones gourmet. Presentaci\u00f3n en 500 ML.<\/p>\n<p class=\"\" data-start=\"347\" data-end=\"485\">\ud83c\udf47 Ideal para tortas, yogures, batidos, c\u00f3cteles y el tradicional raspao.<br data-start=\"397\" data-end=\"400\" \/>\ud83c\udf47 Sabor natural, aroma irresistible.<br data-start=\"437\" data-end=\"440\" \/>\ud83c\udf47 Alta concentraci\u00f3n y rendimiento superior.<\/p>\n","protected":false},"featured_media":728,"template":"","meta":{"_et_pb_use_builder":"","_et_pb_old_content":"","_et_gb_content_width":"","_joinchat":[]},"product_brand":[],"product_cat":[18],"product_tag":[],"class_list":{"0":"post-690","1":"product","2":"type-product","3":"status-publish","4":"has-post-thumbnail","6":"product_cat-escencias","8":"first","9":"instock","10":"shipping-taxable","11":"purchasable","12":"product-type-variable"},"_links":{"self":[{"href":"https:\/\/proquicol.com\/index.php\/wp-json\/wp\/v2\/product\/690","targetHints":{"allow":["GET"]}}],"collection":[{"href":"https:\/\/proquicol.com\/index.php\/wp-json\/wp\/v2\/product"}],"about":[{"href":"https:\/\/proquicol.com\/index.php\/wp-json\/wp\/v2\/types\/product"}],"wp:featuredmedia":[{"embeddable":true,"href":"https:\/\/proquicol.com\/index.php\/wp-json\/wp\/v2\/media\/728"}],"wp:attachment":[{"href":"https:\/\/proquicol.com\/index.php\/wp-json\/wp\/v2\/media?parent=690"}],"wp:term":[{"taxonomy":"product_brand","embeddable":true,"href":"https:\/\/proquicol.com\/index.php\/wp-json\/wp\/v2\/product_brand?post=690"},{"taxonomy":"product_cat","embeddable":true,"href":"https:\/\/proquicol.com\/index.php\/wp-json\/wp\/v2\/product_cat?post=690"},{"taxonomy":"product_tag","embeddable":true,"href":"https:\/\/proquicol.com\/index.php\/wp-json\/wp\/v2\/product_tag?post=690"}],"curies":[{"name":"wp","href":"https:\/\/api.w.org\/{rel}","templated":true}]}}